{"id":10,"date":"2021-06-16T18:13:57","date_gmt":"2021-06-16T18:13:57","guid":{"rendered":"https:\/\/dodies-chamber.ch\/?post_type=product&#038;p=10"},"modified":"2021-12-17T15:06:14","modified_gmt":"2021-12-17T15:06:14","slug":"gothic-einhorn-schwarz","status":"publish","type":"product","link":"https:\/\/dodies-chamber.ch\/?product=gothic-einhorn-schwarz","title":{"rendered":"Eine Herde Einh\u00f6rner"},"content":{"rendered":"<p>Schwarz ist bunt genug. Und hier hat es gleich drei Farben: schwarz, weiss und grau. Na wenn das nicht bunt ist, dann weiss ich auch nicht. Nat\u00fcrlich gibt es den Klassiker. Aber da noch niemand ein echtes Einhorn gesehen hat, kann es auch anders aussehen. Das sind meine Vorschl\u00e4ge.<\/p>\n<p>Diese Produkt ist f\u00fcr kleine Kinder ungeeignet, da es keine Sicherheitsaugen hat.<\/p>\n<p>Anleitung aus: Fantastische H\u00e4kelfreunde<\/p>\n<p>&nbsp;<\/p>\n","protected":false},"excerpt":{"rendered":"<p>Einh\u00f6rner in diversen Ausf\u00fchrungen, Gr\u00f6sse ca. 14 cm<\/p>\n<p>Ohne Sicherheitsaugen<\/p>\n<p>&nbsp;<\/p>\n","protected":false},"featured_media":474,"comment_status":"open","ping_status":"closed","template":"","meta":{"neve_meta_sidebar":"","neve_meta_container":"","neve_meta_enable_content_width":"off","neve_meta_content_width":100,"neve_meta_title_alignment":"","neve_meta_author_avatar":"","neve_post_elements_order":"","neve_meta_disable_header":"","neve_meta_disable_footer":"","neve_meta_disable_title":""},"product_brand":[],"product_cat":[27,16],"product_tag":[20,22,28,18],"class_list":{"0":"post-10","1":"product","2":"type-product","3":"status-publish","4":"has-post-thumbnail","6":"product_cat-ohne-sicherheitsaugen","7":"product_cat-stofftier","8":"product_tag-einhorn","9":"product_tag-gothic-spielzeug","10":"product_tag-ohne-sicherheitsaugen","11":"product_tag-stofftier","13":"first","14":"instock","15":"taxable","16":"shipping-taxable","17":"purchasable","18":"product-type-variable"},"_links":{"self":[{"href":"https:\/\/dodies-chamber.ch\/index.php?rest_route=\/wp\/v2\/product\/10","targetHints":{"allow":["GET"]}}],"collection":[{"href":"https:\/\/dodies-chamber.ch\/index.php?rest_route=\/wp\/v2\/product"}],"about":[{"href":"https:\/\/dodies-chamber.ch\/index.php?rest_route=\/wp\/v2\/types\/product"}],"replies":[{"embeddable":true,"href":"https:\/\/dodies-chamber.ch\/index.php?rest_route=%2Fwp%2Fv2%2Fcomments&post=10"}],"wp:featuredmedia":[{"embeddable":true,"href":"https:\/\/dodies-chamber.ch\/index.php?rest_route=\/wp\/v2\/media\/474"}],"wp:attachment":[{"href":"https:\/\/dodies-chamber.ch\/index.php?rest_route=%2Fwp%2Fv2%2Fmedia&parent=10"}],"wp:term":[{"taxonomy":"product_brand","embeddable":true,"href":"https:\/\/dodies-chamber.ch\/index.php?rest_route=%2Fwp%2Fv2%2Fproduct_brand&post=10"},{"taxonomy":"product_cat","embeddable":true,"href":"https:\/\/dodies-chamber.ch\/index.php?rest_route=%2Fwp%2Fv2%2Fproduct_cat&post=10"},{"taxonomy":"product_tag","embeddable":true,"href":"https:\/\/dodies-chamber.ch\/index.php?rest_route=%2Fwp%2Fv2%2Fproduct_tag&post=10"}],"curies":[{"name":"wp","href":"https:\/\/api.w.org\/{rel}","templated":true}]}}