{"id":328,"date":"2021-08-07T13:36:13","date_gmt":"2021-08-07T13:36:13","guid":{"rendered":"https:\/\/dodies-chamber.ch\/?post_type=product&#038;p=328"},"modified":"2021-08-22T13:54:22","modified_gmt":"2021-08-22T13:54:22","slug":"kobold-produkt-id-9201","status":"publish","type":"product","link":"https:\/\/dodies-chamber.ch\/?product=kobold-produkt-id-9201","title":{"rendered":"Kobold"},"content":{"rendered":"<p>Dieser niedliche Kerl ist nur nachts unterwegs. Seine Augen sind gr\u00f6sser, als die seines Kollegen. Er tr\u00e4gt einen schwarzen Pulli und eine graue Umh\u00e4ngetaschen, die man abnehmen und bef\u00fcllen kann.<\/p>\n<p>Gr\u00f6sse ca. 24 cm.<\/p>\n<p>Dieser Artikel ist f\u00fcr kleine Kinder nicht geeignet, da er keine Sicherheitsaugen hat.<\/p>\n<p>Anleitung aus: Fantastische H\u00e4kelfreunde<\/p>\n<p>&nbsp;<\/p>\n","protected":false},"excerpt":{"rendered":"<p>Roter Kobold ohne Sicherheitsaugen. Gr\u00f6sse ca. 24 cm.<\/p>\n","protected":false},"featured_media":332,"comment_status":"open","ping_status":"closed","template":"","meta":{"neve_meta_sidebar":"","neve_meta_container":"","neve_meta_enable_content_width":"off","neve_meta_content_width":100,"neve_meta_title_alignment":"","neve_meta_author_avatar":"","neve_post_elements_order":"","neve_meta_disable_header":"","neve_meta_disable_footer":"","neve_meta_disable_title":""},"product_brand":[],"product_cat":[27,16],"product_tag":[22,19,28],"class_list":{"0":"post-328","1":"product","2":"type-product","3":"status-publish","4":"has-post-thumbnail","6":"product_cat-ohne-sicherheitsaugen","7":"product_cat-stofftier","8":"product_tag-gothic-spielzeug","9":"product_tag-kobold","10":"product_tag-ohne-sicherheitsaugen","12":"first","13":"instock","14":"taxable","15":"shipping-taxable","16":"purchasable","17":"product-type-simple"},"_links":{"self":[{"href":"https:\/\/dodies-chamber.ch\/index.php?rest_route=\/wp\/v2\/product\/328","targetHints":{"allow":["GET"]}}],"collection":[{"href":"https:\/\/dodies-chamber.ch\/index.php?rest_route=\/wp\/v2\/product"}],"about":[{"href":"https:\/\/dodies-chamber.ch\/index.php?rest_route=\/wp\/v2\/types\/product"}],"replies":[{"embeddable":true,"href":"https:\/\/dodies-chamber.ch\/index.php?rest_route=%2Fwp%2Fv2%2Fcomments&post=328"}],"wp:featuredmedia":[{"embeddable":true,"href":"https:\/\/dodies-chamber.ch\/index.php?rest_route=\/wp\/v2\/media\/332"}],"wp:attachment":[{"href":"https:\/\/dodies-chamber.ch\/index.php?rest_route=%2Fwp%2Fv2%2Fmedia&parent=328"}],"wp:term":[{"taxonomy":"product_brand","embeddable":true,"href":"https:\/\/dodies-chamber.ch\/index.php?rest_route=%2Fwp%2Fv2%2Fproduct_brand&post=328"},{"taxonomy":"product_cat","embeddable":true,"href":"https:\/\/dodies-chamber.ch\/index.php?rest_route=%2Fwp%2Fv2%2Fproduct_cat&post=328"},{"taxonomy":"product_tag","embeddable":true,"href":"https:\/\/dodies-chamber.ch\/index.php?rest_route=%2Fwp%2Fv2%2Fproduct_tag&post=328"}],"curies":[{"name":"wp","href":"https:\/\/api.w.org\/{rel}","templated":true}]}}