{"id":362,"date":"2021-08-08T11:15:11","date_gmt":"2021-08-08T11:15:11","guid":{"rendered":"https:\/\/dodies-chamber.ch\/?post_type=product&#038;p=362"},"modified":"2021-08-22T13:57:45","modified_gmt":"2021-08-22T13:57:45","slug":"meerjungfrau-im-gothstyle-artikel-nr-2201","status":"publish","type":"product","link":"https:\/\/dodies-chamber.ch\/?product=meerjungfrau-im-gothstyle-artikel-nr-2201","title":{"rendered":"Meerjungfrau im Gothstyle"},"content":{"rendered":"<p>Wir sehen eben nicht alle gleich aus. Diese Meerjungfrau lebt lieber in den dunklen Tiefen des Meeres. Ihre Haare sind zu zwei Z\u00f6pfen zusammengebunden. Die Gr\u00f6sse betr\u00e4gt 23 cm. ca. F\u00fcr kleine Kinder ist dieser Artikel nicht geeignet, da keine Sicherheitsaugen verwendet wurden.<\/p>\n<p>Anleitung: Fantastische H\u00e4kelfreunde<\/p>\n<p>&nbsp;<\/p>\n","protected":false},"excerpt":{"rendered":"<p>Meerjungfrau im Gothstyle. Gr\u00f6sse ca. 23, keine Sicherheitsaugen<\/p>\n","protected":false},"featured_media":358,"comment_status":"open","ping_status":"closed","template":"","meta":{"neve_meta_sidebar":"","neve_meta_container":"","neve_meta_enable_content_width":"off","neve_meta_content_width":100,"neve_meta_title_alignment":"","neve_meta_author_avatar":"","neve_post_elements_order":"","neve_meta_disable_header":"","neve_meta_disable_footer":"","neve_meta_disable_title":""},"product_brand":[],"product_cat":[27,16],"product_tag":[22,36,28],"class_list":{"0":"post-362","1":"product","2":"type-product","3":"status-publish","4":"has-post-thumbnail","6":"product_cat-ohne-sicherheitsaugen","7":"product_cat-stofftier","8":"product_tag-gothic-spielzeug","9":"product_tag-meerjungfrau","10":"product_tag-ohne-sicherheitsaugen","12":"first","13":"instock","14":"taxable","15":"shipping-taxable","16":"purchasable","17":"product-type-simple"},"_links":{"self":[{"href":"https:\/\/dodies-chamber.ch\/index.php?rest_route=\/wp\/v2\/product\/362","targetHints":{"allow":["GET"]}}],"collection":[{"href":"https:\/\/dodies-chamber.ch\/index.php?rest_route=\/wp\/v2\/product"}],"about":[{"href":"https:\/\/dodies-chamber.ch\/index.php?rest_route=\/wp\/v2\/types\/product"}],"replies":[{"embeddable":true,"href":"https:\/\/dodies-chamber.ch\/index.php?rest_route=%2Fwp%2Fv2%2Fcomments&post=362"}],"wp:featuredmedia":[{"embeddable":true,"href":"https:\/\/dodies-chamber.ch\/index.php?rest_route=\/wp\/v2\/media\/358"}],"wp:attachment":[{"href":"https:\/\/dodies-chamber.ch\/index.php?rest_route=%2Fwp%2Fv2%2Fmedia&parent=362"}],"wp:term":[{"taxonomy":"product_brand","embeddable":true,"href":"https:\/\/dodies-chamber.ch\/index.php?rest_route=%2Fwp%2Fv2%2Fproduct_brand&post=362"},{"taxonomy":"product_cat","embeddable":true,"href":"https:\/\/dodies-chamber.ch\/index.php?rest_route=%2Fwp%2Fv2%2Fproduct_cat&post=362"},{"taxonomy":"product_tag","embeddable":true,"href":"https:\/\/dodies-chamber.ch\/index.php?rest_route=%2Fwp%2Fv2%2Fproduct_tag&post=362"}],"curies":[{"name":"wp","href":"https:\/\/api.w.org\/{rel}","templated":true}]}}