{"id":412,"date":"2021-08-16T16:56:02","date_gmt":"2021-08-16T16:56:02","guid":{"rendered":"https:\/\/dodies-chamber.ch\/?post_type=product&#038;p=412"},"modified":"2021-08-22T13:59:53","modified_gmt":"2021-08-22T13:59:53","slug":"qualle-mit-wackelaugen-artikel-nr-1101","status":"publish","type":"product","link":"https:\/\/dodies-chamber.ch\/?product=qualle-mit-wackelaugen-artikel-nr-1101","title":{"rendered":"Qualle mit Wackelaugen"},"content":{"rendered":"<p>Dieser lustige Kamerad hat Wackelaugen. Sein K\u00f6rper ist lila und die Tentakeln sind t\u00fcrkis. Eine Aufh\u00e4ngung kann auf Wunsch angebracht werden. Dieser Artikel ist nicht f\u00fcr kleine Kinder geeignet, da keine Sicherheitsaugen verwendet wurden. Er ist ca. 25 cm gross.<\/p>\n<p>&nbsp;<\/p>\n","protected":false},"excerpt":{"rendered":"<p>Lila\/t\u00fcrkise Qualle mit Wackelaugen ohne Sicherheitsaugen. Gr\u00f6sse ca. 25 cm.<\/p>\n","protected":false},"featured_media":413,"comment_status":"open","ping_status":"closed","template":"","meta":{"neve_meta_sidebar":"","neve_meta_container":"","neve_meta_enable_content_width":"off","neve_meta_content_width":100,"neve_meta_title_alignment":"","neve_meta_author_avatar":"","neve_post_elements_order":"","neve_meta_disable_header":"","neve_meta_disable_footer":"","neve_meta_disable_title":""},"product_brand":[],"product_cat":[27,16],"product_tag":[33,21,18],"class_list":{"0":"post-412","1":"product","2":"type-product","3":"status-publish","4":"has-post-thumbnail","6":"product_cat-ohne-sicherheitsaugen","7":"product_cat-stofftier","8":"product_tag-qualle","9":"product_tag-spielzeug","10":"product_tag-stofftier","12":"first","13":"instock","14":"taxable","15":"shipping-taxable","16":"purchasable","17":"product-type-simple"},"_links":{"self":[{"href":"https:\/\/dodies-chamber.ch\/index.php?rest_route=\/wp\/v2\/product\/412","targetHints":{"allow":["GET"]}}],"collection":[{"href":"https:\/\/dodies-chamber.ch\/index.php?rest_route=\/wp\/v2\/product"}],"about":[{"href":"https:\/\/dodies-chamber.ch\/index.php?rest_route=\/wp\/v2\/types\/product"}],"replies":[{"embeddable":true,"href":"https:\/\/dodies-chamber.ch\/index.php?rest_route=%2Fwp%2Fv2%2Fcomments&post=412"}],"wp:featuredmedia":[{"embeddable":true,"href":"https:\/\/dodies-chamber.ch\/index.php?rest_route=\/wp\/v2\/media\/413"}],"wp:attachment":[{"href":"https:\/\/dodies-chamber.ch\/index.php?rest_route=%2Fwp%2Fv2%2Fmedia&parent=412"}],"wp:term":[{"taxonomy":"product_brand","embeddable":true,"href":"https:\/\/dodies-chamber.ch\/index.php?rest_route=%2Fwp%2Fv2%2Fproduct_brand&post=412"},{"taxonomy":"product_cat","embeddable":true,"href":"https:\/\/dodies-chamber.ch\/index.php?rest_route=%2Fwp%2Fv2%2Fproduct_cat&post=412"},{"taxonomy":"product_tag","embeddable":true,"href":"https:\/\/dodies-chamber.ch\/index.php?rest_route=%2Fwp%2Fv2%2Fproduct_tag&post=412"}],"curies":[{"name":"wp","href":"https:\/\/api.w.org\/{rel}","templated":true}]}}