{"id":424,"date":"2021-08-16T17:20:46","date_gmt":"2021-08-16T17:20:46","guid":{"rendered":"https:\/\/dodies-chamber.ch\/?post_type=product&#038;p=424"},"modified":"2021-08-22T14:00:39","modified_gmt":"2021-08-22T14:00:39","slug":"qualle-artikel-nr-1202","status":"publish","type":"product","link":"https:\/\/dodies-chamber.ch\/?product=qualle-artikel-nr-1202","title":{"rendered":"Qualle"},"content":{"rendered":"<p>Rot\/schwarze Qualle ohne Sicherheitsaugen. Nicht nur f\u00fcr Gothic-Fans ist diese kleine Gesellin etwas. Das etwas andere Geschenk oder Mitbringsel. Anstatt des linken Auges ziert ein Knopf den Kopf. Ausserdem ist am Kopf links eine rot\/schwarze Blume befestigt. Gr\u00f6sse ca. 25 cm. Nicht f\u00fcr kleine Kinder geeignet. Auf Wunsch kann eine Aufh\u00e4ngung angebracht werden.<\/p>\n<p>$<\/p>\n","protected":false},"excerpt":{"rendered":"<p>Rot\/schwarze Qualle ohne Sicherheitsaugen, mit Knopfauge und kleiner Blume am Kopf. Gr\u00f6sse ca. 25 cm.<\/p>\n","protected":false},"featured_media":425,"comment_status":"open","ping_status":"closed","template":"","meta":{"neve_meta_sidebar":"","neve_meta_container":"","neve_meta_enable_content_width":"off","neve_meta_content_width":100,"neve_meta_title_alignment":"","neve_meta_author_avatar":"","neve_post_elements_order":"","neve_meta_disable_header":"","neve_meta_disable_footer":"","neve_meta_disable_title":""},"product_brand":[],"product_cat":[27,16],"product_tag":[22,33],"class_list":{"0":"post-424","1":"product","2":"type-product","3":"status-publish","4":"has-post-thumbnail","6":"product_cat-ohne-sicherheitsaugen","7":"product_cat-stofftier","8":"product_tag-gothic-spielzeug","9":"product_tag-qualle","11":"first","12":"instock","13":"taxable","14":"shipping-taxable","15":"purchasable","16":"product-type-simple"},"_links":{"self":[{"href":"https:\/\/dodies-chamber.ch\/index.php?rest_route=\/wp\/v2\/product\/424","targetHints":{"allow":["GET"]}}],"collection":[{"href":"https:\/\/dodies-chamber.ch\/index.php?rest_route=\/wp\/v2\/product"}],"about":[{"href":"https:\/\/dodies-chamber.ch\/index.php?rest_route=\/wp\/v2\/types\/product"}],"replies":[{"embeddable":true,"href":"https:\/\/dodies-chamber.ch\/index.php?rest_route=%2Fwp%2Fv2%2Fcomments&post=424"}],"wp:featuredmedia":[{"embeddable":true,"href":"https:\/\/dodies-chamber.ch\/index.php?rest_route=\/wp\/v2\/media\/425"}],"wp:attachment":[{"href":"https:\/\/dodies-chamber.ch\/index.php?rest_route=%2Fwp%2Fv2%2Fmedia&parent=424"}],"wp:term":[{"taxonomy":"product_brand","embeddable":true,"href":"https:\/\/dodies-chamber.ch\/index.php?rest_route=%2Fwp%2Fv2%2Fproduct_brand&post=424"},{"taxonomy":"product_cat","embeddable":true,"href":"https:\/\/dodies-chamber.ch\/index.php?rest_route=%2Fwp%2Fv2%2Fproduct_cat&post=424"},{"taxonomy":"product_tag","embeddable":true,"href":"https:\/\/dodies-chamber.ch\/index.php?rest_route=%2Fwp%2Fv2%2Fproduct_tag&post=424"}],"curies":[{"name":"wp","href":"https:\/\/api.w.org\/{rel}","templated":true}]}}