{"id":429,"date":"2021-08-16T17:28:31","date_gmt":"2021-08-16T17:28:31","guid":{"rendered":"https:\/\/dodies-chamber.ch\/?post_type=product&#038;p=429"},"modified":"2021-08-22T14:01:03","modified_gmt":"2021-08-22T14:01:03","slug":"qualle-artikel-nr-1103","status":"publish","type":"product","link":"https:\/\/dodies-chamber.ch\/?product=qualle-artikel-nr-1103","title":{"rendered":"Qualle"},"content":{"rendered":"<p>Qualle\u00a0 mit Sicherheitsaugen. Der K\u00f6rper ist t\u00fcrkis und die Tentakeln sind weiss. Eine kleine Blume auf der linken Seite ziert den Kopf der Qualle. Sie ist f\u00fcr kleine Kinder geeignet, da Sicherheitsaugen verwendet wurden. Auf Wunsch kann eine Aufh\u00e4ngung angebracht werden. Gr\u00f6sse ca. 25 cm.<\/p>\n<p>&nbsp;<\/p>\n","protected":false},"excerpt":{"rendered":"<p>T\u00fcrkis\/weisse Qualle mit Sicherheitsaugen. Gr\u00f6sse ca. 25 cm.<\/p>\n","protected":false},"featured_media":430,"comment_status":"open","ping_status":"closed","template":"","meta":{"neve_meta_sidebar":"","neve_meta_container":"","neve_meta_enable_content_width":"off","neve_meta_content_width":100,"neve_meta_title_alignment":"","neve_meta_author_avatar":"","neve_post_elements_order":"","neve_meta_disable_header":"","neve_meta_disable_footer":"","neve_meta_disable_title":""},"product_brand":[],"product_cat":[26,16],"product_tag":[37,33,18],"class_list":{"0":"post-429","1":"product","2":"type-product","3":"status-publish","4":"has-post-thumbnail","6":"product_cat-mit-sicherheitsaugen","7":"product_cat-stofftier","8":"product_tag-mit-sicherheitsaugen","9":"product_tag-qualle","10":"product_tag-stofftier","12":"first","13":"instock","14":"taxable","15":"shipping-taxable","16":"purchasable","17":"product-type-simple"},"_links":{"self":[{"href":"https:\/\/dodies-chamber.ch\/index.php?rest_route=\/wp\/v2\/product\/429","targetHints":{"allow":["GET"]}}],"collection":[{"href":"https:\/\/dodies-chamber.ch\/index.php?rest_route=\/wp\/v2\/product"}],"about":[{"href":"https:\/\/dodies-chamber.ch\/index.php?rest_route=\/wp\/v2\/types\/product"}],"replies":[{"embeddable":true,"href":"https:\/\/dodies-chamber.ch\/index.php?rest_route=%2Fwp%2Fv2%2Fcomments&post=429"}],"wp:featuredmedia":[{"embeddable":true,"href":"https:\/\/dodies-chamber.ch\/index.php?rest_route=\/wp\/v2\/media\/430"}],"wp:attachment":[{"href":"https:\/\/dodies-chamber.ch\/index.php?rest_route=%2Fwp%2Fv2%2Fmedia&parent=429"}],"wp:term":[{"taxonomy":"product_brand","embeddable":true,"href":"https:\/\/dodies-chamber.ch\/index.php?rest_route=%2Fwp%2Fv2%2Fproduct_brand&post=429"},{"taxonomy":"product_cat","embeddable":true,"href":"https:\/\/dodies-chamber.ch\/index.php?rest_route=%2Fwp%2Fv2%2Fproduct_cat&post=429"},{"taxonomy":"product_tag","embeddable":true,"href":"https:\/\/dodies-chamber.ch\/index.php?rest_route=%2Fwp%2Fv2%2Fproduct_tag&post=429"}],"curies":[{"name":"wp","href":"https:\/\/api.w.org\/{rel}","templated":true}]}}