{"id":442,"date":"2021-08-16T17:56:06","date_gmt":"2021-08-16T17:56:06","guid":{"rendered":"https:\/\/dodies-chamber.ch\/?post_type=product&#038;p=442"},"modified":"2021-08-22T14:01:55","modified_gmt":"2021-08-22T14:01:55","slug":"fee-artikel-nr-3101","status":"publish","type":"product","link":"https:\/\/dodies-chamber.ch\/?product=fee-artikel-nr-3101","title":{"rendered":"Fee"},"content":{"rendered":"<p>Fee in pinkem Kleid mit blonden Haaren. Ein t\u00fcrkisfarbenes Diadem ziert den h\u00fcbschen Kopf. Die Fee hat Sicherheitsaugen. Der Zauberstab ist aus unbehandeltem Holz (Zauberstab auf dem Bild nicht abgebildet). Auf dem R\u00fccken hat die Fee Libellenfl\u00fcgel. Die Gr\u00f6sse betr\u00e4gt ca. 30 cm.<\/p>\n<p>Anleitung aus: Fantastische H\u00e4kelfreunde<\/p>\n<p>&nbsp;<\/p>\n","protected":false},"excerpt":{"rendered":"<p>Fee in pinkem Kleid und Fl\u00fcgeln. Gr\u00f6sse ca. 30 cm, mit Sicherheitsaugen<\/p>\n","protected":false},"featured_media":444,"comment_status":"open","ping_status":"closed","template":"","meta":{"neve_meta_sidebar":"","neve_meta_container":"","neve_meta_enable_content_width":"off","neve_meta_content_width":100,"neve_meta_title_alignment":"","neve_meta_author_avatar":"","neve_post_elements_order":"","neve_meta_disable_header":"","neve_meta_disable_footer":"","neve_meta_disable_title":""},"product_brand":[],"product_cat":[26,16],"product_tag":[43,18],"class_list":{"0":"post-442","1":"product","2":"type-product","3":"status-publish","4":"has-post-thumbnail","6":"product_cat-mit-sicherheitsaugen","7":"product_cat-stofftier","8":"product_tag-fee","9":"product_tag-stofftier","11":"first","12":"instock","13":"taxable","14":"shipping-taxable","15":"purchasable","16":"product-type-simple"},"_links":{"self":[{"href":"https:\/\/dodies-chamber.ch\/index.php?rest_route=\/wp\/v2\/product\/442","targetHints":{"allow":["GET"]}}],"collection":[{"href":"https:\/\/dodies-chamber.ch\/index.php?rest_route=\/wp\/v2\/product"}],"about":[{"href":"https:\/\/dodies-chamber.ch\/index.php?rest_route=\/wp\/v2\/types\/product"}],"replies":[{"embeddable":true,"href":"https:\/\/dodies-chamber.ch\/index.php?rest_route=%2Fwp%2Fv2%2Fcomments&post=442"}],"wp:featuredmedia":[{"embeddable":true,"href":"https:\/\/dodies-chamber.ch\/index.php?rest_route=\/wp\/v2\/media\/444"}],"wp:attachment":[{"href":"https:\/\/dodies-chamber.ch\/index.php?rest_route=%2Fwp%2Fv2%2Fmedia&parent=442"}],"wp:term":[{"taxonomy":"product_brand","embeddable":true,"href":"https:\/\/dodies-chamber.ch\/index.php?rest_route=%2Fwp%2Fv2%2Fproduct_brand&post=442"},{"taxonomy":"product_cat","embeddable":true,"href":"https:\/\/dodies-chamber.ch\/index.php?rest_route=%2Fwp%2Fv2%2Fproduct_cat&post=442"},{"taxonomy":"product_tag","embeddable":true,"href":"https:\/\/dodies-chamber.ch\/index.php?rest_route=%2Fwp%2Fv2%2Fproduct_tag&post=442"}],"curies":[{"name":"wp","href":"https:\/\/api.w.org\/{rel}","templated":true}]}}