{"id":491,"date":"2021-08-17T18:20:20","date_gmt":"2021-08-17T18:20:20","guid":{"rendered":"https:\/\/dodies-chamber.ch\/?post_type=product&#038;p=491"},"modified":"2021-08-22T14:04:19","modified_gmt":"2021-08-22T14:04:19","slug":"hase","status":"publish","type":"product","link":"https:\/\/dodies-chamber.ch\/?product=hase","title":{"rendered":"Hase"},"content":{"rendered":"<p>Diese niedliche H\u00e4sin ist die Schwester vom Goth-Hasen. Sie tr\u00e4gt eine braune, knielange Hose, die am Bund zugebunden ist. Sie tr\u00e4gt ausserdem ein blaues Shirt. Sie hat eine Schleife umgebunden und braune Schuhe an.<\/p>\n<p>Wird auf Bestellung hergestellt. Bitte das <a href=\"https:\/\/dodies-chamber.ch\/?page_id=207\" target=\"_blank\" rel=\"noopener\">KONTAKTFORMULAR<\/a> verwenden<\/p>\n<p>Hier wurden Sicherheitsaugen verwendet.<\/p>\n<p>Die Gr\u00f6sse betr\u00e4gt ca. 30 cm.<\/p>\n<p>Anleitung: H\u00e4keln, das Maschenmagazin<\/p>\n<p>&nbsp;<\/p>\n<p>&nbsp;<\/p>\n","protected":false},"excerpt":{"rendered":"<p>H\u00e4sin mit blauem T-Shirt und braunen Hosen, mit Sicherheitsaugen, Gr\u00f6sse ca. 30 cm<\/p>\n","protected":false},"featured_media":492,"comment_status":"open","ping_status":"closed","template":"","meta":{"neve_meta_sidebar":"","neve_meta_container":"","neve_meta_enable_content_width":"off","neve_meta_content_width":100,"neve_meta_title_alignment":"","neve_meta_author_avatar":"","neve_post_elements_order":"","neve_meta_disable_header":"","neve_meta_disable_footer":"","neve_meta_disable_title":""},"product_brand":[],"product_cat":[26,40,16],"product_tag":[52,37,18],"class_list":{"0":"post-491","1":"product","2":"type-product","3":"status-publish","4":"has-post-thumbnail","6":"product_cat-mit-sicherheitsaugen","7":"product_cat-nicht-auf-lager","8":"product_cat-stofftier","9":"product_tag-hase","10":"product_tag-mit-sicherheitsaugen","11":"product_tag-stofftier","13":"first","14":"outofstock","15":"taxable","16":"shipping-taxable","17":"purchasable","18":"product-type-simple"},"_links":{"self":[{"href":"https:\/\/dodies-chamber.ch\/index.php?rest_route=\/wp\/v2\/product\/491","targetHints":{"allow":["GET"]}}],"collection":[{"href":"https:\/\/dodies-chamber.ch\/index.php?rest_route=\/wp\/v2\/product"}],"about":[{"href":"https:\/\/dodies-chamber.ch\/index.php?rest_route=\/wp\/v2\/types\/product"}],"replies":[{"embeddable":true,"href":"https:\/\/dodies-chamber.ch\/index.php?rest_route=%2Fwp%2Fv2%2Fcomments&post=491"}],"wp:featuredmedia":[{"embeddable":true,"href":"https:\/\/dodies-chamber.ch\/index.php?rest_route=\/wp\/v2\/media\/492"}],"wp:attachment":[{"href":"https:\/\/dodies-chamber.ch\/index.php?rest_route=%2Fwp%2Fv2%2Fmedia&parent=491"}],"wp:term":[{"taxonomy":"product_brand","embeddable":true,"href":"https:\/\/dodies-chamber.ch\/index.php?rest_route=%2Fwp%2Fv2%2Fproduct_brand&post=491"},{"taxonomy":"product_cat","embeddable":true,"href":"https:\/\/dodies-chamber.ch\/index.php?rest_route=%2Fwp%2Fv2%2Fproduct_cat&post=491"},{"taxonomy":"product_tag","embeddable":true,"href":"https:\/\/dodies-chamber.ch\/index.php?rest_route=%2Fwp%2Fv2%2Fproduct_tag&post=491"}],"curies":[{"name":"wp","href":"https:\/\/api.w.org\/{rel}","templated":true}]}}