{"id":508,"date":"2021-08-21T12:16:52","date_gmt":"2021-08-21T12:16:52","guid":{"rendered":"https:\/\/dodies-chamber.ch\/?post_type=product&#038;p=508"},"modified":"2021-08-22T14:05:21","modified_gmt":"2021-08-22T14:05:21","slug":"baphomet","status":"publish","type":"product","link":"https:\/\/dodies-chamber.ch\/?product=baphomet","title":{"rendered":"Baphomet"},"content":{"rendered":"<p>Das war\u00a0 eine Auftragsarbeit und ist derzeit nicht auf Lager. Bitte benutze das\u00a0<a href=\"https:\/\/dodies-chamber.ch\/?page_id=207\" target=\"_blank\" rel=\"noopener\">KONTAKTFORMULAR<\/a>, wenn du Interesse an diesem kleinen Kerl hast. Er hat keine Sicherheitsaugen. Er tr\u00e4gt einen Dreizack bei sich. Am R\u00fccken hat er Fl\u00fcgel. Er ist ca. 25 cm gross.<\/p>\n<p>&nbsp;<\/p>\n","protected":false},"excerpt":{"rendered":"<p>Baphomet ohne Sicherheitsaugen, Gr\u00f6sse ca. 25 cm. Nicht auf Lager<\/p>\n","protected":false},"featured_media":504,"comment_status":"open","ping_status":"closed","template":"","meta":{"neve_meta_sidebar":"","neve_meta_container":"","neve_meta_enable_content_width":"off","neve_meta_content_width":100,"neve_meta_title_alignment":"","neve_meta_author_avatar":"","neve_post_elements_order":"","neve_meta_disable_header":"","neve_meta_disable_footer":"","neve_meta_disable_title":""},"product_brand":[],"product_cat":[40,27,16],"product_tag":[53,22,28,18],"class_list":{"0":"post-508","1":"product","2":"type-product","3":"status-publish","4":"has-post-thumbnail","6":"product_cat-nicht-auf-lager","7":"product_cat-ohne-sicherheitsaugen","8":"product_cat-stofftier","9":"product_tag-baphomet","10":"product_tag-gothic-spielzeug","11":"product_tag-ohne-sicherheitsaugen","12":"product_tag-stofftier","14":"first","15":"outofstock","16":"taxable","17":"shipping-taxable","18":"purchasable","19":"product-type-simple"},"_links":{"self":[{"href":"https:\/\/dodies-chamber.ch\/index.php?rest_route=\/wp\/v2\/product\/508","targetHints":{"allow":["GET"]}}],"collection":[{"href":"https:\/\/dodies-chamber.ch\/index.php?rest_route=\/wp\/v2\/product"}],"about":[{"href":"https:\/\/dodies-chamber.ch\/index.php?rest_route=\/wp\/v2\/types\/product"}],"replies":[{"embeddable":true,"href":"https:\/\/dodies-chamber.ch\/index.php?rest_route=%2Fwp%2Fv2%2Fcomments&post=508"}],"wp:featuredmedia":[{"embeddable":true,"href":"https:\/\/dodies-chamber.ch\/index.php?rest_route=\/wp\/v2\/media\/504"}],"wp:attachment":[{"href":"https:\/\/dodies-chamber.ch\/index.php?rest_route=%2Fwp%2Fv2%2Fmedia&parent=508"}],"wp:term":[{"taxonomy":"product_brand","embeddable":true,"href":"https:\/\/dodies-chamber.ch\/index.php?rest_route=%2Fwp%2Fv2%2Fproduct_brand&post=508"},{"taxonomy":"product_cat","embeddable":true,"href":"https:\/\/dodies-chamber.ch\/index.php?rest_route=%2Fwp%2Fv2%2Fproduct_cat&post=508"},{"taxonomy":"product_tag","embeddable":true,"href":"https:\/\/dodies-chamber.ch\/index.php?rest_route=%2Fwp%2Fv2%2Fproduct_tag&post=508"}],"curies":[{"name":"wp","href":"https:\/\/api.w.org\/{rel}","templated":true}]}}