{"id":518,"date":"2021-08-21T13:57:57","date_gmt":"2021-08-21T13:57:57","guid":{"rendered":"https:\/\/dodies-chamber.ch\/?post_type=product&#038;p=518"},"modified":"2021-08-22T14:05:04","modified_gmt":"2021-08-22T14:05:04","slug":"fledermaeuse","status":"publish","type":"product","link":"https:\/\/dodies-chamber.ch\/?product=fledermaeuse","title":{"rendered":"Flederm\u00e4use"},"content":{"rendered":"<p>Flederm\u00e4use trifft man nicht alleine an. Auch hier nicht. Die Produktpalette ist recht gross. Einige Farben habe ich nicht mehr auf Lager. Bitte das\u00a0<a href=\"https:\/\/dodies-chamber.ch\/?page_id=207\" target=\"_blank\" rel=\"noopener\">KONTAKTFORMULAR<\/a> benutzen, um die gew\u00fcnschte Farbe zu bestellen.<\/p>\n<p>Je nach Dicke der Wolle, fallen die Flederm\u00e4use etwas gr\u00f6sser oder kleiner aus. Der Preis bleibt aber der gleiche. Die Augen sind gestickt und alle haben eine Aufh\u00e4ngung. Man kann die Fl\u00fcgel zum Schlafen einklappen.<\/p>\n<p>Anleitung: Granni<\/p>\n<p>&nbsp;<\/p>\n","protected":false},"excerpt":{"rendered":"<p>Flederm\u00e4use in verschiedenen Farben und Gr\u00f6ssen, gestickte Augen.<\/p>\n","protected":false},"featured_media":519,"comment_status":"open","ping_status":"closed","template":"","meta":{"neve_meta_sidebar":"","neve_meta_container":"","neve_meta_enable_content_width":"off","neve_meta_content_width":100,"neve_meta_title_alignment":"","neve_meta_author_avatar":"","neve_post_elements_order":"","neve_meta_disable_header":"","neve_meta_disable_footer":"","neve_meta_disable_title":""},"product_brand":[],"product_cat":[31,16],"product_tag":[66,32,18],"class_list":{"0":"post-518","1":"product","2":"type-product","3":"status-publish","4":"has-post-thumbnail","6":"product_cat-gestickte-augen","7":"product_cat-stofftier","8":"product_tag-fledermaus","9":"product_tag-gestickte-augen","10":"product_tag-stofftier","12":"first","13":"instock","14":"taxable","15":"shipping-taxable","16":"purchasable","17":"product-type-variable"},"_links":{"self":[{"href":"https:\/\/dodies-chamber.ch\/index.php?rest_route=\/wp\/v2\/product\/518","targetHints":{"allow":["GET"]}}],"collection":[{"href":"https:\/\/dodies-chamber.ch\/index.php?rest_route=\/wp\/v2\/product"}],"about":[{"href":"https:\/\/dodies-chamber.ch\/index.php?rest_route=\/wp\/v2\/types\/product"}],"replies":[{"embeddable":true,"href":"https:\/\/dodies-chamber.ch\/index.php?rest_route=%2Fwp%2Fv2%2Fcomments&post=518"}],"wp:featuredmedia":[{"embeddable":true,"href":"https:\/\/dodies-chamber.ch\/index.php?rest_route=\/wp\/v2\/media\/519"}],"wp:attachment":[{"href":"https:\/\/dodies-chamber.ch\/index.php?rest_route=%2Fwp%2Fv2%2Fmedia&parent=518"}],"wp:term":[{"taxonomy":"product_brand","embeddable":true,"href":"https:\/\/dodies-chamber.ch\/index.php?rest_route=%2Fwp%2Fv2%2Fproduct_brand&post=518"},{"taxonomy":"product_cat","embeddable":true,"href":"https:\/\/dodies-chamber.ch\/index.php?rest_route=%2Fwp%2Fv2%2Fproduct_cat&post=518"},{"taxonomy":"product_tag","embeddable":true,"href":"https:\/\/dodies-chamber.ch\/index.php?rest_route=%2Fwp%2Fv2%2Fproduct_tag&post=518"}],"curies":[{"name":"wp","href":"https:\/\/api.w.org\/{rel}","templated":true}]}}