{"id":563,"date":"2021-08-21T14:57:39","date_gmt":"2021-08-21T14:57:39","guid":{"rendered":"https:\/\/dodies-chamber.ch\/?post_type=product&#038;p=563"},"modified":"2021-08-22T14:06:34","modified_gmt":"2021-08-22T14:06:34","slug":"die-mittelgrossen","status":"publish","type":"product","link":"https:\/\/dodies-chamber.ch\/?product=die-mittelgrossen","title":{"rendered":"Die Mittelgrossen"},"content":{"rendered":"<p>Ich h\u00e4kele in verschiedenen Gr\u00f6ssen. Derzeit habe ich zwei mittelgrosse Stofftieres auf Lager. Die Augen sind gestickt, also auch f\u00fcr kleine Kinder geeignet. Ideal f\u00fcr das kleine Geschenk zwischendurch.<\/p>\n<p>Anleitung Kaninchen: Wollowbies, Jana Ganseforth<\/p>\n<p>Anleitung Katze: H\u00e4keln, das Maschenmagazin<\/p>\n<p>&nbsp;<\/p>\n","protected":false},"excerpt":{"rendered":"<p>Mittelgrosse Tiere mit geh\u00e4kelten Augen<\/p>\n","protected":false},"featured_media":567,"comment_status":"open","ping_status":"closed","template":"","meta":{"neve_meta_sidebar":"","neve_meta_container":"","neve_meta_enable_content_width":"off","neve_meta_content_width":100,"neve_meta_title_alignment":"","neve_meta_author_avatar":"","neve_post_elements_order":"","neve_meta_disable_header":"","neve_meta_disable_footer":"","neve_meta_disable_title":""},"product_brand":[],"product_cat":[16],"product_tag":[42,22,18],"class_list":{"0":"post-563","1":"product","2":"type-product","3":"status-publish","4":"has-post-thumbnail","6":"product_cat-stofftier","7":"product_tag-gestickte-gehaekelte-augen","8":"product_tag-gothic-spielzeug","9":"product_tag-stofftier","11":"first","12":"instock","13":"taxable","14":"shipping-taxable","15":"purchasable","16":"product-type-variable"},"_links":{"self":[{"href":"https:\/\/dodies-chamber.ch\/index.php?rest_route=\/wp\/v2\/product\/563","targetHints":{"allow":["GET"]}}],"collection":[{"href":"https:\/\/dodies-chamber.ch\/index.php?rest_route=\/wp\/v2\/product"}],"about":[{"href":"https:\/\/dodies-chamber.ch\/index.php?rest_route=\/wp\/v2\/types\/product"}],"replies":[{"embeddable":true,"href":"https:\/\/dodies-chamber.ch\/index.php?rest_route=%2Fwp%2Fv2%2Fcomments&post=563"}],"wp:featuredmedia":[{"embeddable":true,"href":"https:\/\/dodies-chamber.ch\/index.php?rest_route=\/wp\/v2\/media\/567"}],"wp:attachment":[{"href":"https:\/\/dodies-chamber.ch\/index.php?rest_route=%2Fwp%2Fv2%2Fmedia&parent=563"}],"wp:term":[{"taxonomy":"product_brand","embeddable":true,"href":"https:\/\/dodies-chamber.ch\/index.php?rest_route=%2Fwp%2Fv2%2Fproduct_brand&post=563"},{"taxonomy":"product_cat","embeddable":true,"href":"https:\/\/dodies-chamber.ch\/index.php?rest_route=%2Fwp%2Fv2%2Fproduct_cat&post=563"},{"taxonomy":"product_tag","embeddable":true,"href":"https:\/\/dodies-chamber.ch\/index.php?rest_route=%2Fwp%2Fv2%2Fproduct_tag&post=563"}],"curies":[{"name":"wp","href":"https:\/\/api.w.org\/{rel}","templated":true}]}}