{"id":570,"date":"2021-08-21T15:28:40","date_gmt":"2021-08-21T15:28:40","guid":{"rendered":"https:\/\/dodies-chamber.ch\/?post_type=product&#038;p=570"},"modified":"2021-12-17T15:02:25","modified_gmt":"2021-12-17T15:02:25","slug":"die-kleinsten","status":"publish","type":"product","link":"https:\/\/dodies-chamber.ch\/?product=die-kleinsten","title":{"rendered":"Die Kleinsten"},"content":{"rendered":"<p>Das sind die kleinsten Amigurumis, die ich geh\u00e4kelt habe. Die Augen sind entweder gestickt oder haben Sicherheitsaugen. Das perfekte Mitbringsel. Da diese kleinen H\u00e4kelfiguren sehr beliebt sind, \u00e4ndert der Lagerbestand bzw. die Auswahl unter Umst\u00e4nden.<\/p>\n<p>Anleitung Pinguin: H\u00e4keln, das Maschenmagazin<\/p>\n<p>Anleitung Tiere: Wollowbies, Jana Ganseforth<\/p>\n<p>&nbsp;<\/p>\n","protected":false},"excerpt":{"rendered":"<p>Die Kleinsten mit Sicherheitsaugen oder gestickten Augen<\/p>\n","protected":false},"featured_media":571,"comment_status":"open","ping_status":"closed","template":"","meta":{"neve_meta_sidebar":"","neve_meta_container":"","neve_meta_enable_content_width":"off","neve_meta_content_width":100,"neve_meta_title_alignment":"","neve_meta_author_avatar":"","neve_post_elements_order":"","neve_meta_disable_header":"","neve_meta_disable_footer":"","neve_meta_disable_title":""},"product_brand":[],"product_cat":[26,16],"product_tag":[42,37,18],"class_list":{"0":"post-570","1":"product","2":"type-product","3":"status-publish","4":"has-post-thumbnail","6":"product_cat-mit-sicherheitsaugen","7":"product_cat-stofftier","8":"product_tag-gestickte-gehaekelte-augen","9":"product_tag-mit-sicherheitsaugen","10":"product_tag-stofftier","12":"first","13":"instock","14":"taxable","15":"shipping-taxable","16":"purchasable","17":"product-type-variable"},"_links":{"self":[{"href":"https:\/\/dodies-chamber.ch\/index.php?rest_route=\/wp\/v2\/product\/570","targetHints":{"allow":["GET"]}}],"collection":[{"href":"https:\/\/dodies-chamber.ch\/index.php?rest_route=\/wp\/v2\/product"}],"about":[{"href":"https:\/\/dodies-chamber.ch\/index.php?rest_route=\/wp\/v2\/types\/product"}],"replies":[{"embeddable":true,"href":"https:\/\/dodies-chamber.ch\/index.php?rest_route=%2Fwp%2Fv2%2Fcomments&post=570"}],"wp:featuredmedia":[{"embeddable":true,"href":"https:\/\/dodies-chamber.ch\/index.php?rest_route=\/wp\/v2\/media\/571"}],"wp:attachment":[{"href":"https:\/\/dodies-chamber.ch\/index.php?rest_route=%2Fwp%2Fv2%2Fmedia&parent=570"}],"wp:term":[{"taxonomy":"product_brand","embeddable":true,"href":"https:\/\/dodies-chamber.ch\/index.php?rest_route=%2Fwp%2Fv2%2Fproduct_brand&post=570"},{"taxonomy":"product_cat","embeddable":true,"href":"https:\/\/dodies-chamber.ch\/index.php?rest_route=%2Fwp%2Fv2%2Fproduct_cat&post=570"},{"taxonomy":"product_tag","embeddable":true,"href":"https:\/\/dodies-chamber.ch\/index.php?rest_route=%2Fwp%2Fv2%2Fproduct_tag&post=570"}],"curies":[{"name":"wp","href":"https:\/\/api.w.org\/{rel}","templated":true}]}}