{"id":667,"date":"2021-08-23T14:48:48","date_gmt":"2021-08-23T14:48:48","guid":{"rendered":"https:\/\/dodies-chamber.ch\/?post_type=product&#038;p=667"},"modified":"2021-08-23T15:02:07","modified_gmt":"2021-08-23T15:02:07","slug":"sommerhuete","status":"publish","type":"product","link":"https:\/\/dodies-chamber.ch\/?product=sommerhuete","title":{"rendered":"Sommerh\u00fcte"},"content":{"rendered":"<p>Praktisch f\u00fcr Kinder. Sommerh\u00fcte in verschiedenen Designs und Gr\u00f6ssen.<\/p>\n","protected":false},"excerpt":{"rendered":"<p>Sommerh\u00fcte in verschiedenen Designs und Gr\u00f6ssen.<\/p>\n","protected":false},"featured_media":661,"comment_status":"open","ping_status":"closed","template":"","meta":{"neve_meta_sidebar":"","neve_meta_container":"","neve_meta_enable_content_width":"off","neve_meta_content_width":100,"neve_meta_title_alignment":"","neve_meta_author_avatar":"","neve_post_elements_order":"","neve_meta_disable_header":"","neve_meta_disable_footer":"","neve_meta_disable_title":""},"product_brand":[],"product_cat":[108],"product_tag":[109,110],"class_list":{"0":"post-667","1":"product","2":"type-product","3":"status-publish","4":"has-post-thumbnail","6":"product_cat-kleidung","7":"product_tag-kleidung","8":"product_tag-sommerhuete","10":"first","11":"instock","12":"taxable","13":"shipping-taxable","14":"purchasable","15":"product-type-variable"},"_links":{"self":[{"href":"https:\/\/dodies-chamber.ch\/index.php?rest_route=\/wp\/v2\/product\/667","targetHints":{"allow":["GET"]}}],"collection":[{"href":"https:\/\/dodies-chamber.ch\/index.php?rest_route=\/wp\/v2\/product"}],"about":[{"href":"https:\/\/dodies-chamber.ch\/index.php?rest_route=\/wp\/v2\/types\/product"}],"replies":[{"embeddable":true,"href":"https:\/\/dodies-chamber.ch\/index.php?rest_route=%2Fwp%2Fv2%2Fcomments&post=667"}],"wp:featuredmedia":[{"embeddable":true,"href":"https:\/\/dodies-chamber.ch\/index.php?rest_route=\/wp\/v2\/media\/661"}],"wp:attachment":[{"href":"https:\/\/dodies-chamber.ch\/index.php?rest_route=%2Fwp%2Fv2%2Fmedia&parent=667"}],"wp:term":[{"taxonomy":"product_brand","embeddable":true,"href":"https:\/\/dodies-chamber.ch\/index.php?rest_route=%2Fwp%2Fv2%2Fproduct_brand&post=667"},{"taxonomy":"product_cat","embeddable":true,"href":"https:\/\/dodies-chamber.ch\/index.php?rest_route=%2Fwp%2Fv2%2Fproduct_cat&post=667"},{"taxonomy":"product_tag","embeddable":true,"href":"https:\/\/dodies-chamber.ch\/index.php?rest_route=%2Fwp%2Fv2%2Fproduct_tag&post=667"}],"curies":[{"name":"wp","href":"https:\/\/api.w.org\/{rel}","templated":true}]}}