{"id":817,"date":"2022-02-28T18:22:03","date_gmt":"2022-02-28T18:22:03","guid":{"rendered":"https:\/\/dodies-chamber.ch\/?post_type=product&#038;p=817"},"modified":"2026-02-10T17:24:17","modified_gmt":"2026-02-10T17:24:17","slug":"nadelkissen-voodoopuppe","status":"publish","type":"product","link":"https:\/\/dodies-chamber.ch\/?product=nadelkissen-voodoopuppe","title":{"rendered":"Nadelkissen Voodoopuppe"},"content":{"rendered":"<p>\u00c4ussert praktisch ist dieses Nadelkissen. Die Gr\u00f6sse betr\u00e4gt ca. 15 cm x 10 cm und bietet Platz f\u00fcr viele Nadeln. Hier wurden Kn\u00f6pfe als Augen verwendet.<\/p>\n","protected":false},"excerpt":{"rendered":"<p>Nadelkissen Voodoopuppe. Gr\u00f6ssen ca. 15 cm x 10 cm.<\/p>\n","protected":false},"featured_media":811,"comment_status":"open","ping_status":"closed","template":"","meta":{"neve_meta_sidebar":"","neve_meta_container":"","neve_meta_enable_content_width":"off","neve_meta_content_width":100,"neve_meta_title_alignment":"","neve_meta_author_avatar":"","neve_post_elements_order":"","neve_meta_disable_header":"","neve_meta_disable_footer":"","neve_meta_disable_title":""},"product_brand":[],"product_cat":[15],"product_tag":[147,145,146],"class_list":{"0":"post-817","1":"product","2":"type-product","3":"status-publish","4":"has-post-thumbnail","6":"product_cat-unkategorisiert","7":"product_tag-gothikartikel","8":"product_tag-nadelkissen","9":"product_tag-naehzubehoer","11":"first","12":"instock","13":"taxable","14":"shipping-taxable","15":"purchasable","16":"product-type-simple"},"_links":{"self":[{"href":"https:\/\/dodies-chamber.ch\/index.php?rest_route=\/wp\/v2\/product\/817","targetHints":{"allow":["GET"]}}],"collection":[{"href":"https:\/\/dodies-chamber.ch\/index.php?rest_route=\/wp\/v2\/product"}],"about":[{"href":"https:\/\/dodies-chamber.ch\/index.php?rest_route=\/wp\/v2\/types\/product"}],"replies":[{"embeddable":true,"href":"https:\/\/dodies-chamber.ch\/index.php?rest_route=%2Fwp%2Fv2%2Fcomments&post=817"}],"wp:featuredmedia":[{"embeddable":true,"href":"https:\/\/dodies-chamber.ch\/index.php?rest_route=\/wp\/v2\/media\/811"}],"wp:attachment":[{"href":"https:\/\/dodies-chamber.ch\/index.php?rest_route=%2Fwp%2Fv2%2Fmedia&parent=817"}],"wp:term":[{"taxonomy":"product_brand","embeddable":true,"href":"https:\/\/dodies-chamber.ch\/index.php?rest_route=%2Fwp%2Fv2%2Fproduct_brand&post=817"},{"taxonomy":"product_cat","embeddable":true,"href":"https:\/\/dodies-chamber.ch\/index.php?rest_route=%2Fwp%2Fv2%2Fproduct_cat&post=817"},{"taxonomy":"product_tag","embeddable":true,"href":"https:\/\/dodies-chamber.ch\/index.php?rest_route=%2Fwp%2Fv2%2Fproduct_tag&post=817"}],"curies":[{"name":"wp","href":"https:\/\/api.w.org\/{rel}","templated":true}]}}