{"id":819,"date":"2022-02-28T18:59:21","date_gmt":"2022-02-28T18:59:21","guid":{"rendered":"https:\/\/dodies-chamber.ch\/?post_type=product&#038;p=819"},"modified":"2025-02-09T16:21:40","modified_gmt":"2025-02-09T16:21:40","slug":"brillenhalter","status":"publish","type":"product","link":"https:\/\/dodies-chamber.ch\/?product=brillenhalter","title":{"rendered":"Brillenhalter"},"content":{"rendered":"<p style=\"text-align: left;\">Praktisch f\u00fcr den Alltag: Brillenhalter Zombie. Die K\u00f6pfe werden individuell angefertigt. Auch das Motiv ist frei w\u00e4hlbar, zB Opa, Oma, Zombie, usw.<\/p>\n","protected":false},"excerpt":{"rendered":"<p style=\"text-align: left;\"><span style=\"\">Brillenhalter in diversen Ausf\u00fchrungen. Bitte das <\/span><a href=\"https:\/\/dodies-chamber.ch\/?page_id=207\" target=\"_blank\" rel=\"noopener\">KONTAKTFORMULAR<\/a> benutzen.<\/p>\n","protected":false},"featured_media":805,"comment_status":"open","ping_status":"closed","template":"","meta":{"neve_meta_sidebar":"","neve_meta_container":"","neve_meta_enable_content_width":"off","neve_meta_content_width":100,"neve_meta_title_alignment":"","neve_meta_author_avatar":"","neve_post_elements_order":"","neve_meta_disable_header":"","neve_meta_disable_footer":"","neve_meta_disable_title":""},"product_brand":[],"product_cat":[150],"product_tag":[151,152,153],"class_list":{"0":"post-819","1":"product","2":"type-product","3":"status-publish","4":"has-post-thumbnail","6":"product_cat-brillenhalter","7":"product_tag-brille","8":"product_tag-brillenhalter","9":"product_tag-zombie","11":"first","12":"instock","13":"taxable","14":"shipping-taxable","15":"purchasable","16":"product-type-simple"},"_links":{"self":[{"href":"https:\/\/dodies-chamber.ch\/index.php?rest_route=\/wp\/v2\/product\/819","targetHints":{"allow":["GET"]}}],"collection":[{"href":"https:\/\/dodies-chamber.ch\/index.php?rest_route=\/wp\/v2\/product"}],"about":[{"href":"https:\/\/dodies-chamber.ch\/index.php?rest_route=\/wp\/v2\/types\/product"}],"replies":[{"embeddable":true,"href":"https:\/\/dodies-chamber.ch\/index.php?rest_route=%2Fwp%2Fv2%2Fcomments&post=819"}],"wp:featuredmedia":[{"embeddable":true,"href":"https:\/\/dodies-chamber.ch\/index.php?rest_route=\/wp\/v2\/media\/805"}],"wp:attachment":[{"href":"https:\/\/dodies-chamber.ch\/index.php?rest_route=%2Fwp%2Fv2%2Fmedia&parent=819"}],"wp:term":[{"taxonomy":"product_brand","embeddable":true,"href":"https:\/\/dodies-chamber.ch\/index.php?rest_route=%2Fwp%2Fv2%2Fproduct_brand&post=819"},{"taxonomy":"product_cat","embeddable":true,"href":"https:\/\/dodies-chamber.ch\/index.php?rest_route=%2Fwp%2Fv2%2Fproduct_cat&post=819"},{"taxonomy":"product_tag","embeddable":true,"href":"https:\/\/dodies-chamber.ch\/index.php?rest_route=%2Fwp%2Fv2%2Fproduct_tag&post=819"}],"curies":[{"name":"wp","href":"https:\/\/api.w.org\/{rel}","templated":true}]}}